{"id":3,"date":"2023-10-06T08:15:41","date_gmt":"2023-10-06T08:15:41","guid":{"rendered":"https:\/\/nettoyage-express.ch\/?page_id=3"},"modified":"2023-12-26T17:21:17","modified_gmt":"2023-12-26T16:21:17","slug":"privacy-policy","status":"publish","type":"page","link":"https:\/\/nettoyage-express.ch\/en\/privacy-policy\/","title":{"rendered":"Privacy policy"},"content":{"rendered":"<div data-elementor-type=\"wp-page\" data-elementor-id=\"3\" class=\"elementor elementor-3\" data-elementor-post-type=\"page\">\n\t\t\t\t<div class=\"elementor-element elementor-element-ffe9189 e-flex e-con-boxed e-con e-parent\" data-id=\"ffe9189\" data-element_type=\"container\" data-e-type=\"container\" data-settings=\"{&quot;background_background&quot;:&quot;classic&quot;,&quot;jet_parallax_layout_list&quot;:[]}\">\n\t\t\t\t\t<div class=\"e-con-inner\">\n\t\t<div class=\"elementor-element elementor-element-9ce4823 e-con-full e-flex elementor-invisible e-con e-child\" data-id=\"9ce4823\" data-element_type=\"container\" data-e-type=\"container\" data-settings=\"{&quot;animation&quot;:&quot;fadeInDown&quot;,&quot;jet_parallax_layout_list&quot;:[]}\">\n\t\t\t\t<div class=\"elementor-element elementor-element-4f6c785 elementor-widget elementor-widget-heading\" data-id=\"4f6c785\" data-element_type=\"widget\" data-e-type=\"widget\" data-widget_type=\"heading.default\">\n\t\t\t\t<div class=\"elementor-widget-container\">\n\t\t\t\t\t<h1 class=\"elementor-heading-title elementor-size-default\">Privacy Policy<\/h1>\t\t\t\t<\/div>\n\t\t\t\t<\/div>\n\t\t\t\t<\/div>\n\t\t\t\t\t<\/div>\n\t\t\t\t<\/div>\n\t\t<div class=\"elementor-element elementor-element-ec4e80d e-flex e-con-boxed e-con e-parent\" data-id=\"ec4e80d\" data-element_type=\"container\" data-e-type=\"container\" data-settings=\"{&quot;jet_parallax_layout_list&quot;:[]}\">\n\t\t\t\t\t<div class=\"e-con-inner\">\n\t\t\t\t<div class=\"elementor-element elementor-element-07e9938 elementor-widget elementor-widget-heading\" data-id=\"07e9938\" data-element_type=\"widget\" data-e-type=\"widget\" data-widget_type=\"heading.default\">\n\t\t\t\t<div class=\"elementor-widget-container\">\n\t\t\t\t\t<h2 class=\"elementor-heading-title elementor-size-default\">Our commitment to confidentiality<\/h2>\t\t\t\t<\/div>\n\t\t\t\t<\/div>\n\t\t\t\t<div class=\"elementor-element elementor-element-bac746b elementor-widget elementor-widget-text-editor\" data-id=\"bac746b\" data-element_type=\"widget\" data-e-type=\"widget\" data-widget_type=\"text-editor.default\">\n\t\t\t\t<div class=\"elementor-widget-container\">\n\t\t\t\t\t\t\t\t\t<p><span style=\"font-weight: 400;\">This Privacy Policy sets out the privacy practices for the Nettoyage Express website, which can be accessed at<\/span><a style=\"color: #009245;\" href=\"https:\/\/nettoyage-express.ch\/en\/\"><span style=\"font-weight: 400;\"> www.nettoyage-express.ch<\/span><\/a><span style=\"font-weight: 400;\">. This policy applies exclusively to information collected by this site and covers the following aspects :<\/span><\/p>\n<ul>\n<li style=\"font-weight: 400;\" aria-level=\"1\"><span style=\"font-weight: 400;\">Personal information collected on our website, how it is used and with whom it may be shared.<\/span><\/li>\n<li style=\"font-weight: 400;\" aria-level=\"1\"><span style=\"font-weight: 400;\">The options available to you regarding the use of your data.<\/span><\/li>\n<li style=\"font-weight: 400;\" aria-level=\"1\"><span style=\"font-weight: 400;\">The security measures in place to protect your information against misuse.<\/span><\/li>\n<li style=\"font-weight: 400;\" aria-level=\"1\"><span style=\"font-weight: 400;\">The means at your disposal to correct any inaccuracies in your information.<\/span><\/li>\n<\/ul>\t\t\t\t\t\t\t\t<\/div>\n\t\t\t\t<\/div>\n\t\t\t\t<div class=\"elementor-element elementor-element-b4d7c2f elementor-widget elementor-widget-heading\" data-id=\"b4d7c2f\" data-element_type=\"widget\" data-e-type=\"widget\" data-widget_type=\"heading.default\">\n\t\t\t\t<div class=\"elementor-widget-container\">\n\t\t\t\t\t<h3 class=\"elementor-heading-title elementor-size-default\">Collecting, using and sharing information<\/h3>\t\t\t\t<\/div>\n\t\t\t\t<\/div>\n\t\t\t\t<div class=\"elementor-element elementor-element-e6b7384 elementor-widget elementor-widget-text-editor\" data-id=\"e6b7384\" data-element_type=\"widget\" data-e-type=\"widget\" data-widget_type=\"text-editor.default\">\n\t\t\t\t<div class=\"elementor-widget-container\">\n\t\t\t\t\t\t\t\t\t<p><span style=\"font-weight: 400;\">We are the sole owners of the information collected on this site. We only access information that you voluntarily provide to us, either by email or by other forms of direct contact. This information will not be sold or rented to anyone. However, certain anonymised data may be used for statistical purposes and may be shared with other entities affiliated with Nettoyage Express.<\/span><\/p>\n<p><span style=\"font-weight: 400;\">We will use your information to respond to your requests, to provide a quality service and for the purposes for which you contacted us. Your information will not be shared with third parties outside our organisation, except as necessary to respond to your request.<\/span><\/p>\n<p><span style=\"font-weight: 400;\">Unless you request otherwise, we may contact you in the future by email to inform you of promotions, new products or services, or changes to this privacy policy.<\/span><\/p>\t\t\t\t\t\t\t\t<\/div>\n\t\t\t\t<\/div>\n\t\t\t\t<div class=\"elementor-element elementor-element-da8d1dd elementor-widget elementor-widget-heading\" data-id=\"da8d1dd\" data-element_type=\"widget\" data-e-type=\"widget\" data-widget_type=\"heading.default\">\n\t\t\t\t<div class=\"elementor-widget-container\">\n\t\t\t\t\t<h3 class=\"elementor-heading-title elementor-size-default\">Access to and control over your information<\/h3>\t\t\t\t<\/div>\n\t\t\t\t<\/div>\n\t\t\t\t<div class=\"elementor-element elementor-element-3b4899c elementor-widget elementor-widget-text-editor\" data-id=\"3b4899c\" data-element_type=\"widget\" data-e-type=\"widget\" data-widget_type=\"text-editor.default\">\n\t\t\t\t<div class=\"elementor-widget-container\">\n\t\t\t\t\t\t\t\t\t<p><span style=\"font-weight: 400;\">You can opt out of receiving communications from us at any time. You can also take the following actions by contacting us via the email address or telephone number indicated on our site:<\/span><\/p>\n<ul>\n<li style=\"font-weight: 400;\" aria-level=\"1\"><span style=\"font-weight: 400;\">Consult the data we have about you, if applicable.<\/span><\/li>\n<li style=\"font-weight: 400;\" aria-level=\"1\"><span style=\"font-weight: 400;\">Modify or correct the data we hold on you.<\/span><\/li>\n<li style=\"font-weight: 400;\" aria-level=\"1\"><span style=\"font-weight: 400;\">Ask us to delete all the data we hold about you.<\/span><\/li>\n<li style=\"font-weight: 400;\" aria-level=\"1\"><span style=\"font-weight: 400;\">Express any concerns about our use of your data.<\/span><\/li>\n<\/ul>\t\t\t\t\t\t\t\t<\/div>\n\t\t\t\t<\/div>\n\t\t\t\t<div class=\"elementor-element elementor-element-bd6b12d elementor-widget elementor-widget-heading\" data-id=\"bd6b12d\" data-element_type=\"widget\" data-e-type=\"widget\" data-widget_type=\"heading.default\">\n\t\t\t\t<div class=\"elementor-widget-container\">\n\t\t\t\t\t<h3 class=\"elementor-heading-title elementor-size-default\">Security<\/h3>\t\t\t\t<\/div>\n\t\t\t\t<\/div>\n\t\t\t\t<div class=\"elementor-element elementor-element-6795c43 elementor-widget elementor-widget-text-editor\" data-id=\"6795c43\" data-element_type=\"widget\" data-e-type=\"widget\" data-widget_type=\"text-editor.default\">\n\t\t\t\t<div class=\"elementor-widget-container\">\n\t\t\t\t\t\t\t\t\t<p>We take rigorous measures to protect your information. Sensitive information transmitted via the site is protected both online and offline. Sensitive data is encrypted and secure, as evidenced by the lock symbol in the address bar and the \"https\" prefix in the URL of our site.<\/p>\n<p>Off-line, only employees who need this information for a specific job have access to it. The computers and servers used to store personally identifiable information are kept in a secure environment.<\/p>\t\t\t\t\t\t\t\t<\/div>\n\t\t\t\t<\/div>\n\t\t\t\t<div class=\"elementor-element elementor-element-66171c4 elementor-widget elementor-widget-heading\" data-id=\"66171c4\" data-element_type=\"widget\" data-e-type=\"widget\" data-widget_type=\"heading.default\">\n\t\t\t\t<div class=\"elementor-widget-container\">\n\t\t\t\t\t<h3 class=\"elementor-heading-title elementor-size-default\">Registration and requests<\/h3>\t\t\t\t<\/div>\n\t\t\t\t<\/div>\n\t\t\t\t<div class=\"elementor-element elementor-element-8fb70e4 elementor-widget elementor-widget-text-editor\" data-id=\"8fb70e4\" data-element_type=\"widget\" data-e-type=\"widget\" data-widget_type=\"text-editor.default\">\n\t\t\t\t<div class=\"elementor-widget-container\">\n\t\t\t\t\t\t\t\t\tTo subscribe to a service via our site, you must complete a registration form. This information is used to contact you about services on our site that may be of interest to you. You can also provide additional information to help us personalise our services.\n\t\t\t\t\t\t\t\t<\/div>\n\t\t\t\t<\/div>\n\t\t\t\t<div class=\"elementor-element elementor-element-f1f97d5 elementor-widget elementor-widget-heading\" data-id=\"f1f97d5\" data-element_type=\"widget\" data-e-type=\"widget\" data-widget_type=\"heading.default\">\n\t\t\t\t<div class=\"elementor-widget-container\">\n\t\t\t\t\t<h3 class=\"elementor-heading-title elementor-size-default\">Cookies and tracking\n<\/h3>\t\t\t\t<\/div>\n\t\t\t\t<\/div>\n\t\t\t\t<div class=\"elementor-element elementor-element-cff8ee9 elementor-widget elementor-widget-text-editor\" data-id=\"cff8ee9\" data-element_type=\"widget\" data-e-type=\"widget\" data-widget_type=\"text-editor.default\">\n\t\t\t\t<div class=\"elementor-widget-container\">\n\t\t\t\t\t\t\t\t\tOur site uses cookies to improve access and identify regular visitors. Cookies are not linked to any personally identifiable information on our site. Our business partners may also use cookies, but we have no control over these cookies.\t\t\t\t\t\t\t\t<\/div>\n\t\t\t\t<\/div>\n\t\t\t\t<div class=\"elementor-element elementor-element-c20375c elementor-widget elementor-widget-heading\" data-id=\"c20375c\" data-element_type=\"widget\" data-e-type=\"widget\" data-widget_type=\"heading.default\">\n\t\t\t\t<div class=\"elementor-widget-container\">\n\t\t\t\t\t<h3 class=\"elementor-heading-title elementor-size-default\">External links and confidentiality<\/h3>\t\t\t\t<\/div>\n\t\t\t\t<\/div>\n\t\t\t\t<div class=\"elementor-element elementor-element-1cddcba elementor-widget elementor-widget-text-editor\" data-id=\"1cddcba\" data-element_type=\"widget\" data-e-type=\"widget\" data-widget_type=\"text-editor.default\">\n\t\t\t\t<div class=\"elementor-widget-container\">\n\t\t\t\t\t\t\t\t\tThis site contains links to other sites. We are not responsible for the privacy practices of such other sites and encourage our users to be aware when they leave our site and to read the privacy statements of each and every site that collects personally identifiable information.\t\t\t\t\t\t\t\t<\/div>\n\t\t\t\t<\/div>\n\t\t\t\t<div class=\"elementor-element elementor-element-23f05c9 elementor-widget elementor-widget-heading\" data-id=\"23f05c9\" data-element_type=\"widget\" data-e-type=\"widget\" data-widget_type=\"heading.default\">\n\t\t\t\t<div class=\"elementor-widget-container\">\n\t\t\t\t\t<h3 class=\"elementor-heading-title elementor-size-default\">Surveys and competitions\n<\/h3>\t\t\t\t<\/div>\n\t\t\t\t<\/div>\n\t\t\t\t<div class=\"elementor-element elementor-element-cf27e93 elementor-widget elementor-widget-text-editor\" data-id=\"cf27e93\" data-element_type=\"widget\" data-e-type=\"widget\" data-widget_type=\"text-editor.default\">\n\t\t\t\t<div class=\"elementor-widget-container\">\n\t\t\t\t\t\t\t\t\t<p>From time to time, our site may offer surveys or competitions. Participation is voluntary and you have the choice whether or not to provide this information. The information collected may include contact and demographic data, which is used to notify winners, award prizes or improve the use and satisfaction of the site.<\/p>\n<p>If you have any concerns about our compliance with this privacy policy, please contact us immediately by telephone or email.<\/p>\t\t\t\t\t\t\t\t<\/div>\n\t\t\t\t<\/div>\n\t\t\t\t\t<\/div>\n\t\t\t\t<\/div>\n\t\t\t\t<\/div>","protected":false},"excerpt":{"rendered":"<p>Politique de Confidentialit\u00e9 Notre engagement en mati\u00e8re de confidentialit\u00e9 La pr\u00e9sente politique de confidentialit\u00e9 d\u00e9finit les pratiques de confidentialit\u00e9 pour le site web de Nettoyage Express, accessible \u00e0 l&rsquo;adresse www.nettoyage-express.ch. Cette politique s&rsquo;applique exclusivement aux informations collect\u00e9es par ce site et couvre les aspects suivants : Les informations personnelles recueillies sur notre site web, leur [&hellip;]<\/p>\n","protected":false},"author":1,"featured_media":0,"parent":0,"menu_order":0,"comment_status":"closed","ping_status":"open","template":"elementor_header_footer","meta":{"footnotes":""},"class_list":["post-3","page","type-page","status-publish","hentry"],"_links":{"self":[{"href":"https:\/\/nettoyage-express.ch\/en\/wp-json\/wp\/v2\/pages\/3","targetHints":{"allow":["GET"]}}],"collection":[{"href":"https:\/\/nettoyage-express.ch\/en\/wp-json\/wp\/v2\/pages"}],"about":[{"href":"https:\/\/nettoyage-express.ch\/en\/wp-json\/wp\/v2\/types\/page"}],"author":[{"embeddable":true,"href":"https:\/\/nettoyage-express.ch\/en\/wp-json\/wp\/v2\/users\/1"}],"replies":[{"embeddable":true,"href":"https:\/\/nettoyage-express.ch\/en\/wp-json\/wp\/v2\/comments?post=3"}],"version-history":[{"count":0,"href":"https:\/\/nettoyage-express.ch\/en\/wp-json\/wp\/v2\/pages\/3\/revisions"}],"wp:attachment":[{"href":"https:\/\/nettoyage-express.ch\/en\/wp-json\/wp\/v2\/media?parent=3"}],"curies":[{"name":"wp","href":"https:\/\/api.w.org\/{rel}","templated":true}]}}